{"id":11,"date":"2021-07-12T17:30:43","date_gmt":"2021-07-12T17:30:43","guid":{"rendered":"http:\/\/trinitycorp.com.co\/?page_id=11"},"modified":"2021-07-29T23:31:30","modified_gmt":"2021-07-29T23:31:30","slug":"crea-tu-web-con-bloques","status":"publish","type":"page","link":"https:\/\/trinitycorp.com.co\/","title":{"rendered":"Trinity Corporation"},"content":{"rendered":"\n<p>Somos una organizaci\u00f3n que se ocupa de administrar y promover marcas del sector del entretenimiento, particularmente el teatro deportivo: la improvisaci\u00f3n teatral y la formaci\u00f3n -no formal- en competencias del ser.<\/p>\n\n\n\n<p>Las marcas que pertenecen a Trinity Corp son: <\/p>\n\n\n\n<p><\/p>\n\n\n\n<div class=\"wp-block-columns\">\n<div class=\"wp-block-column\" style=\"flex-basis:100%\">\n<div class=\"wp-block-group\"><div class=\"wp-block-group__inner-container\">\n<div class=\"wp-block-columns\">\n<div class=\"wp-block-column\" style=\"flex-basis:100%\">\n<div class=\"wp-block-columns alignwide are-vertically-aligned-center is-style-twentytwentyone-columns-overlap\">\n<div class=\"wp-block-column is-vertically-aligned-center\">\n<figure class=\"wp-block-image alignwide size-large\"><a href=\"https:\/\/www.elmorenitoinc.com\/\"><img loading=\"lazy\" width=\"1024\" height=\"791\" src=\"http:\/\/trinitycorp.com.co\/wp-content\/uploads\/2021\/07\/ElMorenitoInc-01-1024x791.png\" alt=\"\" class=\"wp-image-40\" srcset=\"https:\/\/trinitycorp.com.co\/wp-content\/uploads\/2021\/07\/ElMorenitoInc-01-1024x791.png 1024w, https:\/\/trinitycorp.com.co\/wp-content\/uploads\/2021\/07\/ElMorenitoInc-01-300x232.png 300w, https:\/\/trinitycorp.com.co\/wp-content\/uploads\/2021\/07\/ElMorenitoInc-01-768x593.png 768w, https:\/\/trinitycorp.com.co\/wp-content\/uploads\/2021\/07\/ElMorenitoInc-01-1536x1187.png 1536w, https:\/\/trinitycorp.com.co\/wp-content\/uploads\/2021\/07\/ElMorenitoInc-01-1568x1212.png 1568w, https:\/\/trinitycorp.com.co\/wp-content\/uploads\/2021\/07\/ElMorenitoInc-01.png 1650w\" sizes=\"(max-width: 1024px) 100vw, 1024px\" \/><\/a><figcaption>Una f\u00e1brica de experiencias entretenidas que centra su atenci\u00f3n en la creaci\u00f3n de formatos de juego para espect\u00e1culos y formaciones con base en la improvisaci\u00f3n teatral.\u00a0<\/figcaption><\/figure>\n<\/div>\n\n\n\n<div class=\"wp-block-column is-vertically-aligned-center\">\n<figure class=\"wp-block-image size-large is-resized\"><a href=\"https:\/\/gymprovirtual.com\/\"><img loading=\"lazy\" src=\"http:\/\/trinitycorp.com.co\/wp-content\/uploads\/2021\/07\/gymprovirtuallogoelmorenitoinc-02-1024x1024.png\" alt=\"\" class=\"wp-image-49\" width=\"152\" height=\"152\" srcset=\"https:\/\/trinitycorp.com.co\/wp-content\/uploads\/2021\/07\/gymprovirtuallogoelmorenitoinc-02-1024x1024.png 1024w, https:\/\/trinitycorp.com.co\/wp-content\/uploads\/2021\/07\/gymprovirtuallogoelmorenitoinc-02-300x300.png 300w, https:\/\/trinitycorp.com.co\/wp-content\/uploads\/2021\/07\/gymprovirtuallogoelmorenitoinc-02-150x150.png 150w, https:\/\/trinitycorp.com.co\/wp-content\/uploads\/2021\/07\/gymprovirtuallogoelmorenitoinc-02-768x768.png 768w, https:\/\/trinitycorp.com.co\/wp-content\/uploads\/2021\/07\/gymprovirtuallogoelmorenitoinc-02.png 1276w\" sizes=\"(max-width: 152px) 100vw, 152px\" \/><\/a><figcaption>La escuela virtual que desde la t\u00e9cnica de la improvisaci\u00f3n teatral promueve la formaci\u00f3n de las competencias orientadas al ser.<\/figcaption><\/figure>\n<\/div>\n\n\n\n<div class=\"wp-block-column is-vertically-aligned-center\">\n<figure class=\"wp-block-image size-large is-resized\"><a href=\"http:\/\/www.lafacundia.com\/\"><img loading=\"lazy\" src=\"http:\/\/trinitycorp.com.co\/wp-content\/uploads\/2021\/07\/logolafacundiaElMorenitoInc-01-1024x1006.png\" alt=\"\" class=\"wp-image-44\" width=\"166\" height=\"162\" srcset=\"https:\/\/trinitycorp.com.co\/wp-content\/uploads\/2021\/07\/logolafacundiaElMorenitoInc-01-1024x1006.png 1024w, https:\/\/trinitycorp.com.co\/wp-content\/uploads\/2021\/07\/logolafacundiaElMorenitoInc-01-300x295.png 300w, https:\/\/trinitycorp.com.co\/wp-content\/uploads\/2021\/07\/logolafacundiaElMorenitoInc-01-768x755.png 768w, https:\/\/trinitycorp.com.co\/wp-content\/uploads\/2021\/07\/logolafacundiaElMorenitoInc-01.png 1275w\" sizes=\"(max-width: 166px) 100vw, 166px\" \/><\/a><figcaption>Torneo unipersonal de improvisaci\u00f3n teatral.<\/figcaption><\/figure>\n<\/div>\n\n\n\n<div class=\"wp-block-column is-vertically-aligned-center\">\n<div class=\"wp-block-columns\">\n<div class=\"wp-block-column\">\n<div class=\"wp-block-columns\">\n<div class=\"wp-block-column\">\n<figure class=\"wp-block-image alignwide size-large\"><a href=\"http:\/\/www.laotramedianaranja.com\/\"><img loading=\"lazy\" width=\"314\" height=\"314\" src=\"https:\/\/trinitycorp.com.co\/wp-content\/uploads\/2021\/07\/Laotramedianaranjalogo_Mesa-de-trabajo-1.png\" alt=\"\" class=\"wp-image-71\" srcset=\"https:\/\/trinitycorp.com.co\/wp-content\/uploads\/2021\/07\/Laotramedianaranjalogo_Mesa-de-trabajo-1.png 314w, https:\/\/trinitycorp.com.co\/wp-content\/uploads\/2021\/07\/Laotramedianaranjalogo_Mesa-de-trabajo-1-300x300.png 300w, https:\/\/trinitycorp.com.co\/wp-content\/uploads\/2021\/07\/Laotramedianaranjalogo_Mesa-de-trabajo-1-150x150.png 150w\" sizes=\"(max-width: 314px) 100vw, 314px\" \/><\/a><figcaption>Escuela virtual en emprendimiento cultural.<\/figcaption><\/figure>\n<\/div>\n<\/div>\n<\/div>\n<\/div>\n<\/div>\n<\/div>\n<\/div>\n<\/div>\n<\/div><\/div>\n<\/div>\n<\/div>\n\n\n\n<div class=\"wp-block-columns are-vertically-aligned-top\">\n<div class=\"wp-block-column is-vertically-aligned-top\"><\/div>\n<\/div>\n","protected":false},"excerpt":{"rendered":"<p>Somos una organizaci\u00f3n que se ocupa de administrar y promover marcas del sector del entretenimiento, particularmente el teatro deportivo: la improvisaci\u00f3n teatral y la formaci\u00f3n -no formal- en competencias del ser. Las marcas que pertenecen a Trinity Corp son:<\/p>\n","protected":false},"author":1,"featured_media":0,"parent":0,"menu_order":0,"comment_status":"closed","ping_status":"closed","template":"","meta":{"om_disable_all_campaigns":false,"_monsterinsights_skip_tracking":false,"_monsterinsights_sitenote_active":false,"_monsterinsights_sitenote_note":"","_monsterinsights_sitenote_category":0,"neve_meta_sidebar":"","neve_meta_container":"","neve_meta_enable_content_width":"","neve_meta_content_width":0,"neve_meta_title_alignment":"","neve_meta_author_avatar":"","neve_post_elements_order":"","neve_meta_disable_header":"","neve_meta_disable_footer":"","neve_meta_disable_title":""},"_links":{"self":[{"href":"https:\/\/trinitycorp.com.co\/index.php\/wp-json\/wp\/v2\/pages\/11"}],"collection":[{"href":"https:\/\/trinitycorp.com.co\/index.php\/wp-json\/wp\/v2\/pages"}],"about":[{"href":"https:\/\/trinitycorp.com.co\/index.php\/wp-json\/wp\/v2\/types\/page"}],"author":[{"embeddable":true,"href":"https:\/\/trinitycorp.com.co\/index.php\/wp-json\/wp\/v2\/users\/1"}],"replies":[{"embeddable":true,"href":"https:\/\/trinitycorp.com.co\/index.php\/wp-json\/wp\/v2\/comments?post=11"}],"version-history":[{"count":17,"href":"https:\/\/trinitycorp.com.co\/index.php\/wp-json\/wp\/v2\/pages\/11\/revisions"}],"predecessor-version":[{"id":93,"href":"https:\/\/trinitycorp.com.co\/index.php\/wp-json\/wp\/v2\/pages\/11\/revisions\/93"}],"wp:attachment":[{"href":"https:\/\/trinitycorp.com.co\/index.php\/wp-json\/wp\/v2\/media?parent=11"}],"curies":[{"name":"wp","href":"https:\/\/api.w.org\/{rel}","templated":true}]}}